{"id":39,"date":"2024-01-21T10:47:55","date_gmt":"2024-01-21T09:47:55","guid":{"rendered":"https:\/\/lamaisondelilie.fr\/?page_id=39"},"modified":"2024-03-20T20:17:38","modified_gmt":"2024-03-20T19:17:38","slug":"la-maison","status":"publish","type":"page","link":"https:\/\/www.lamaisondelilie.fr\/index.php\/la-maison\/","title":{"rendered":"La Maison"},"content":{"rendered":"\n<p>Il \u00e9tait important pour moi d\u2019avoir une maison adapt\u00e9e \u00e0 mon travail. J\u2019accueille les enfants dans une maison r\u00e9cente avec jardin. Maison qui se situe dans un petit lotissement tr\u00e8s calme \u00e0 la campagne et au bout d\u2019une impasse priv\u00e9e, donc loin de la route, et entour\u00e9e de verdure. Vous trouverez un parking assez grand afin de pouvoir vous garer facilement quand vous emmenez et venez chercher vos enfants. Une jolie salle de jeux et un coin pour les b\u00e9b\u00e9s sont d\u00e9di\u00e9s aux bouts de choux.<\/p>\n\n\n\n<p>Au rez de chauss\u00e9, se trouve&nbsp;:<\/p>\n\n\n\n<ul class=\"wp-block-list\">\n<li>L\u2019entr\u00e9e&nbsp;: c\u2019est l\u00e0 que se fait l\u2019accueil et le d\u00e9part des enfants. Il y a un petit banc et un porte manteau. Le banc ( hauteur adapt\u00e9e pour les petits) leur permet de se chausser\/se d\u00e9chausser et de ranger leurs petites chaussures. C\u2019est dans l\u2019entr\u00e9e que restent les sacs \u00e0 langer avec les affaires n\u00e9cessaires pour la journ\u00e9e.<\/li>\n\n\n\n<li>&nbsp;La pi\u00e8ce de vie&nbsp;: la cuisine&nbsp;est ouverte sur le s\u00e9jour (environ 35 m2). C\u2019est dans le coin cuisine que nous prenons les repas (grande table avec chaises et r\u00e9hausseurs, chaises hautes). J\u2019ai install\u00e9 le coin b\u00e9b\u00e9 dans le salon pour avoir toujours un \u0153il sur b\u00e9b\u00e9.<\/li>\n\n\n\n<li>La salle de jeux&nbsp;: on y trouve un coin activit\u00e9, lecture, jeux d\u2019imitation dans la jolie petite maison (cuisine, poup\u00e9es), des \u00e9tag\u00e8res \u00e0 bac pour que les enfants aient les jouets \u00e0 disposition, une grande \u00e9tag\u00e8re avec divers jeux et activit\u00e9s class\u00e9s par panier ainsi qu\u2019un coin change.<\/li>\n\n\n\n<li>Les toilettes&nbsp;: les WC avec un lave main. Il y a un petit marche pied et un r\u00e9ducteur pour les plus grands mais je dispose \u00e9galement d\u2019un pot pour les plus petits.<\/li>\n<\/ul>\n\n\n\n<p>A l\u2019\u00e9tage, on trouve 3 chambres, une salle de bain et des toilettes. Je couche un enfant par chambre pour une meilleure qualit\u00e9 de sommeil, ce qui permet de respecter le rythme de chacun. Les enfants sont couch\u00e9s dans une gigoteuse, sur le dos, dans un lit parapluie et sur un matelas d\u2019origine et conforme aux normes. Il n\u2019y a pas d\u2019oreiller, pas de couettes, pas de draps, ni de peluches pour les b\u00e9b\u00e9s. T\u00b0 entre 18\u00b0et 20\u00b0.<\/p>\n\n\n\n<p>Le jardin&nbsp;: il est enti\u00e8rement clos pour la s\u00e9curit\u00e9 des enfants. Il y a une jolie terrasse o\u00f9 l\u2019on peut manger dehors quand le temps le permet. Les enfants ont \u00e0 leur disposition plusieurs jeux comme des tobogans, des porteurs-voitures, des draisiennes, une petite cabane, un bac a eau \u2026. J\u2019ai un parcours de motricit\u00e9 que je leur installe aussi pour varier les activit\u00e9s (poutres, petites haies \u2026)<\/p>\n\n\n\n<p>La maison est s\u00e9curis\u00e9e pour les enfants. Il y a une barri\u00e8re de s\u00e9curit\u00e9 \u00e0 l\u2019escalier, des cache-prises, les fen\u00eatres ont des poign\u00e9es \u00e0 cl\u00e9s et s\u2019ouvrent en oscillo battant pour \u00e9carter le risque de chute, la porte qui donne acc\u00e8s \u00e0 la salle de jeux est une porte \u00e0 galandage, c\u2019est-\u00e0-dire qu\u2019elle coulisse dans le mur, pour \u00e9viter de coincer les petits doigts. Il n\u2019y a pas d\u2019objets ni de produits dangereux \u00e0 port\u00e9e des enfants.<\/p>\n","protected":false},"excerpt":{"rendered":"<p>Il \u00e9tait important pour moi d\u2019avoir une maison adapt\u00e9e \u00e0 mon travail. J\u2019accueille les enfants dans une maison r\u00e9cente avec jardin. Maison qui se situe &hellip; <\/p>\n","protected":false},"author":1,"featured_media":0,"parent":0,"menu_order":0,"comment_status":"closed","ping_status":"closed","template":"","meta":{"footnotes":""},"class_list":["post-39","page","type-page","status-publish","hentry","latest_post"],"_links":{"self":[{"href":"https:\/\/www.lamaisondelilie.fr\/index.php\/wp-json\/wp\/v2\/pages\/39","targetHints":{"allow":["GET"]}}],"collection":[{"href":"https:\/\/www.lamaisondelilie.fr\/index.php\/wp-json\/wp\/v2\/pages"}],"about":[{"href":"https:\/\/www.lamaisondelilie.fr\/index.php\/wp-json\/wp\/v2\/types\/page"}],"author":[{"embeddable":true,"href":"https:\/\/www.lamaisondelilie.fr\/index.php\/wp-json\/wp\/v2\/users\/1"}],"replies":[{"embeddable":true,"href":"https:\/\/www.lamaisondelilie.fr\/index.php\/wp-json\/wp\/v2\/comments?post=39"}],"version-history":[{"count":3,"href":"https:\/\/www.lamaisondelilie.fr\/index.php\/wp-json\/wp\/v2\/pages\/39\/revisions"}],"predecessor-version":[{"id":130,"href":"https:\/\/www.lamaisondelilie.fr\/index.php\/wp-json\/wp\/v2\/pages\/39\/revisions\/130"}],"wp:attachment":[{"href":"https:\/\/www.lamaisondelilie.fr\/index.php\/wp-json\/wp\/v2\/media?parent=39"}],"curies":[{"name":"wp","href":"https:\/\/api.w.org\/{rel}","templated":true}]}}