{"id":33,"date":"2024-01-21T10:46:39","date_gmt":"2024-01-21T09:46:39","guid":{"rendered":"https:\/\/lamaisondelilie.fr\/?page_id=33"},"modified":"2024-03-20T19:00:22","modified_gmt":"2024-03-20T18:00:22","slug":"regles-de-vie","status":"publish","type":"page","link":"https:\/\/www.lamaisondelilie.fr\/index.php\/regles-de-vie\/","title":{"rendered":"R\u00e8gles de vie"},"content":{"rendered":"\n<p>Dans la vie quotidienne des enfants, comme des adultes, il y a des r\u00e8gles de vie \u00e0 respecter. Seule l\u2019application variera selon l\u2019\u00e2ge et la capacit\u00e9 \u00e0 comprendre de l\u2019enfant. Respecter les r\u00e8gles de vie est un apprentissage qui fait parti de mon r\u00f4le d\u2019\u00e9ducatrice aupr\u00e8s des enfants. Respecter ces r\u00e8gles de vie permet de mieux vivre ensemble.<\/p>\n\n\n\n<ul class=\"wp-block-list\">\n<li><strong><u>C\u00f4t\u00e9 enfant<\/u><\/strong><strong>&nbsp;:<\/strong><strong><\/strong><\/li>\n<\/ul>\n\n\n\n<p>&#8211;&nbsp;Je respecte le mat\u00e9riel et les locaux&nbsp;: ne pas casser les jouets, ne dessiner que sur les feuilles, ne pas sauter pas sur le canap\u00e9 ou sur les lits, aider nounous \u00e0 ranger les jouets que j\u2019ai sorti \u2026<\/p>\n\n\n\n<p>&#8211; Je respecte l\u2019ensemble des personnes pr\u00e9sentes chez nounou&nbsp;: ne pas taper, ne pas pousser, ne pas pincer, ne pas mordre, ne pas arracher les jouets des mains des copains \u2026 et apprendre \u00e0 s\u2019excuser si ces r\u00e8gles ne sont pas respect\u00e9es.<\/p>\n\n\n\n<p>&#8211;&nbsp;Je me tiens correctement \u00e0 table&nbsp;: manger dans calme, ne pas jouer avec la nourriture.<\/p>\n\n\n\n<p>&#8211; Je respecte les r\u00e8gles de politesse&nbsp;: apprendre \u00e0 dire bonjour, aurevoir, merci, s\u2019il te plait \u2026<\/p>\n\n\n\n<ul class=\"wp-block-list\">\n<li><strong><u>C\u00f4t\u00e9 parents&nbsp;:<\/u><\/strong><\/li>\n<\/ul>\n\n\n\n<p>&#8211;\u00a0Je respecte les horaires et jours pr\u00e9vus au contrat. Je pr\u00e9cise que l\u2019heure d\u2019arriv\u00e9e not\u00e9e sur le contrat est l\u2019heure \u00e0 laquelle le parent arrive chez nounou avec son enfant, et non pas l\u2019heure \u00e0 laquelle il quitte le domicile de nounou. (exemple\u00a0: s\u2019il est not\u00e9 que l\u2019arriv\u00e9e est \u00e0 7h le matin, j\u2019ouvre ma porte \u00e0 7h et l\u2019accueil se fait \u00e0 partir de ce moment-l\u00e0). Pr\u00e9voir un petit temps d\u2019\u00e9change pour savoir comment s\u2019est pass\u00e9e la nuit, comment va l\u2019enfant, s\u2019il prit son petit d\u00e9jeuner \u2026 De m\u00eame pour l\u2019heure de d\u00e9part (l\u2019heure not\u00e9e au contrat est l\u2019heure \u00e0 laquelle le parent quitte la maison de nounou avec son enfant\u00a0(exemple\u00a0: s\u2019il est not\u00e9 d\u00e9part \u00e0 18h, le parent doit arriver \u00e0 17h45-50 pour permettre un petit temps de transmission de 10-15 min et partir au plus tard \u00e0 18h). Le temps d\u2019\u00e9change au moment du d\u00e9part permet de faire le point sur la journ\u00e9e pass\u00e9e.<\/p>\n\n\n\n<p>&#8211;&nbsp;Concernant les retards (d\u2019arriv\u00e9e comme de d\u00e9part), je demande \u00e0 \u00eatre avertie rapidement et je souhaite qu\u2019ils ne soient pas trop fr\u00e9quents. S\u2019ils deviennent trop r\u00e9p\u00e9titifs, il faudra alors en discuter. Il est possible que les heures pr\u00e9vues au contrat ne soient finalement pas adapt\u00e9es et dans ce cas, il faudra revoir ensemble les horaires d\u2019accueil. Les avances, comme les retards, sont compt\u00e9s en heures compl\u00e9mentaires\/suppl\u00e9mentaires chaque fin de mois. En cas d\u2019impr\u00e9vu, me pr\u00e9venir au plus vite car je peux avoir d\u2019autres imp\u00e9ratifs. En effet, le matin je peux avoir pr\u00e9vu une sortie ou activit\u00e9s ext\u00e9rieures avec les autres enfants. Dans ce cas, le parent en retard devra s\u2019adapter et me rejoindre pour me laisser son enfant \u00e0 l\u2019endroit o\u00f9 nous serons \u00e0 ce moment-l\u00e0 ou attendre notre retour \u00e0 la maison. Cela permet de ne pas priver les autres petits pr\u00e9sents de l\u2019activit\u00e9 organis\u00e9e ce jour-l\u00e0. Le soir, je peux \u00e9galement avoir un RDV m\u00e9dical ou autre, des courses \u00e0 faire, mes propres enfants \u00e0 aller chercher, mon activit\u00e9 sportive, des invit\u00e9s \u00e0 recevoir \u2026 et donc ne pas pouvoir prolonger la garde de l\u2019enfant.<\/p>\n\n\n\n<p>&#8211; Le d\u00e9part du soir ne doit pas s\u2019\u00e9terniser (pas plus de 10 minutes) et l\u2019heure de d\u00e9part doit \u00eatre respect\u00e9e. Il est souvent heureux de vous retrouver et s&rsquo;excite. A l&rsquo;inverse, ne soyez pas surpris quand vous arrivez si votre enfant vous tourne le dos, s\u2019il vous fait la t\u00eate ou s\u2019il se met \u00e0 hurler\u00a0!  Il d\u00e9gage aussi le stress et les angoisses de sa journ\u00e9e en vous voyant. Il teste \u00e9galement nounou sur les r\u00e8gles impos\u00e9es par celle-ci en pr\u00e9sence de ses parents. Je demande donc aux parents d\u2019\u00eatre fermes \u00e0 ce moment-l\u00e0 car nounou \u00e0 encore bien des choses \u00e0 faire apr\u00e8s sa journ\u00e9e de travail (rangement, m\u00e9nage, devoirs avec ses propres enfants, repas \u00e0 pr\u00e9parer \u2026). Je peux aussi ne pas avoir encore fini de travailler et devoir m&rsquo;occuper des enfants encore pr\u00e9sents. Je laisse le parent g\u00e9rer le moment du d\u00e9part (mettre chaussures et manteau). J\u2019interviendrai si je sens que cela devient compliqu\u00e9 et que l\u2019enfant s\u2019\u00e9nerve, s\u2019excite trop ou n\u2019\u00e9coute pas. Si je constate que le moment du d\u00e9part est trop compliqu\u00e9 chaque soir, je pr\u00e9parerai votre enfant en l&rsquo;habillant avant votre arriv\u00e9e pour faciliter ce moment.<\/p>\n\n\n\n<p>&#8211;&nbsp;L\u2019enfant doit arriver chez nounou avec une hygi\u00e8ne correcte&nbsp;: lav\u00e9, habill\u00e9, couche non souill\u00e9e de la nuit. En effet, cela peut \u00eatre compliqu\u00e9e pour mon organisation si l&rsquo;enfant n&rsquo;arrive pas pr\u00eat, sans avoir pris son petit d\u00e9jeuner et la couche sale ! Je peux avoir un enfant \u00e0 emmener \u00e0 l&rsquo;\u00e9cole le matin et donc ne pas avoir le temps m&rsquo;occuper de cela avant de partir. Les v\u00eatements et chaussures doivent \u00eatre adapt\u00e9 \u00e0 sa taille et \u00e0 la m\u00e9t\u00e9o. <\/p>\n\n\n\n<p>&#8211;&nbsp;Respecter le lieu d\u2019accueil qui est la maison particuli\u00e8re de nounou : je frappe calmement et j\u2019attends qu\u2019on m\u2019ouvre la porte, je parle doucement (des enfants ou membre de ma famille peuvent dormir). Je demande aux parents de ne pas \u00ab&nbsp;se balader&nbsp;\u00bb dans la maison afin de respecter ma vie priv\u00e9e et l\u2019intimit\u00e9 de ma famille qui peut \u00eatre pr\u00e9sente \u00e0 ce moment-l\u00e0. Pour une question d\u2019hygi\u00e8ne, je ne rentre pas avec les chaussures afin de ne pas souiller la maison. En effet, les petits marchent, rampent et jouent \u00e0 m\u00eame le sol.<\/p>\n\n\n\n<p>&#8211;&nbsp;En cas de maladie, je demande \u00e0 \u00eatre pr\u00e9venue et je d\u00e9cide alors de l\u2019accueil ou non de l\u2019enfant selon son \u00e9tat (voir page \u00ab\u00a0contrat\u00a0\u00bb). Pour tout ce qui est maladie contagieuse, je pr\u00e9f\u00e8re que l\u2019enfant reste chez lui pour \u00e9viter de contaminer nounou et les copains.<\/p>\n\n\n\n<p>&#8211; En cas de besoin, pendant la journ\u00e9e d\u2019accueil de l\u2019enfant, vous pouvez me contacter sur mon portable. En revanche, pour toutes autres demandes ou informations, je demande aux parents de me pr\u00e9venir pendant mon temps de travail, lors de l\u2019accueil ou lors du d\u00e9part de l\u2019enfant. Vous pouvez \u00e9galement me laisser un mot dans le cahier de liaison. Sinon, exceptionnellement par sms apr\u00e8s mon temps de travail jusqu\u2019\u00e0 19h ou le matin \u00e0 partir de 7h. En dehors de ces jours et horaires mon t\u00e9l\u00e9phone est coup\u00e9 et je ne serai pas en possibilit\u00e9 de vous r\u00e9pondre.<\/p>\n\n\n\n<p>&#8211; \u00ab\u00a0Tout travail m\u00e9rite salaire\u00a0\u00bb\u00a0: Ne pas oublier la r\u00e9mun\u00e9ration de nounou \u00e0 la date pr\u00e9vue sur le contrat\u00a0! Il est toujours d\u00e9licat de devoir r\u00e9clamer son d\u00fb. Le d\u00e9tail du montant \u00e0 payer est not\u00e9 le 25 du mois sur le cahier de liaison (date \u00e0 laquelle le parent employeur peut faire la d\u00e9claration sur le site pajemploi, afin de percevoir le remboursement avant la fin du mois).<\/p>\n\n\n\n<p>&#8211; Je demande aux parents d\u2019\u00eatre honn\u00eates\u00a0avec nounou : en cas de maladie de leur enfant, en cas de d\u00e9sir de changement de mode de garde pour n\u2019importe quel motif, en cas de volont\u00e9 de mettre un terme au contrat (d\u00e9m\u00e9nagement, soucis financier, accueil qui ne leur convient pas \u2026) ou pour toute autre chose. N&rsquo;h\u00e9sitez surtout pas \u00e0 m&rsquo;en parler. Une bonne communication est la base de d&rsquo;une bonne entente. <\/p>\n","protected":false},"excerpt":{"rendered":"<p>Dans la vie quotidienne des enfants, comme des adultes, il y a des r\u00e8gles de vie \u00e0 respecter. Seule l\u2019application variera selon l\u2019\u00e2ge et la &hellip; <\/p>\n","protected":false},"author":1,"featured_media":0,"parent":0,"menu_order":0,"comment_status":"closed","ping_status":"closed","template":"","meta":{"footnotes":""},"class_list":["post-33","page","type-page","status-publish","hentry","latest_post"],"_links":{"self":[{"href":"https:\/\/www.lamaisondelilie.fr\/index.php\/wp-json\/wp\/v2\/pages\/33","targetHints":{"allow":["GET"]}}],"collection":[{"href":"https:\/\/www.lamaisondelilie.fr\/index.php\/wp-json\/wp\/v2\/pages"}],"about":[{"href":"https:\/\/www.lamaisondelilie.fr\/index.php\/wp-json\/wp\/v2\/types\/page"}],"author":[{"embeddable":true,"href":"https:\/\/www.lamaisondelilie.fr\/index.php\/wp-json\/wp\/v2\/users\/1"}],"replies":[{"embeddable":true,"href":"https:\/\/www.lamaisondelilie.fr\/index.php\/wp-json\/wp\/v2\/comments?post=33"}],"version-history":[{"count":12,"href":"https:\/\/www.lamaisondelilie.fr\/index.php\/wp-json\/wp\/v2\/pages\/33\/revisions"}],"predecessor-version":[{"id":161,"href":"https:\/\/www.lamaisondelilie.fr\/index.php\/wp-json\/wp\/v2\/pages\/33\/revisions\/161"}],"wp:attachment":[{"href":"https:\/\/www.lamaisondelilie.fr\/index.php\/wp-json\/wp\/v2\/media?parent=33"}],"curies":[{"name":"wp","href":"https:\/\/api.w.org\/{rel}","templated":true}]}}