{"id":2,"date":"2024-01-20T11:20:25","date_gmt":"2024-01-20T10:20:25","guid":{"rendered":"http:\/\/lamaisondelilie.fr\/?page_id=2"},"modified":"2025-02-13T16:57:04","modified_gmt":"2025-02-13T15:57:04","slug":"page-d-exemple","status":"publish","type":"page","link":"https:\/\/www.lamaisondelilie.fr\/index.php\/page-d-exemple\/","title":{"rendered":"Pr\u00e9sentation"},"content":{"rendered":"\n<p><\/p>\n\n\n\n<blockquote class=\"wp-block-quote is-layout-flow wp-block-quote-is-layout-flow\">\n<p>Je m\u2019appelle Aur\u00e9lie, j\u2019ai 43 ans. Je suis mari\u00e9e et maman de deux grands enfants (20 et 17 ans). Je suis assistante maternelle agr\u00e9\u00e9e par les services du conseil g\u00e9n\u00e9ral de la Savoie depuis le 22 juillet 2010. Cet agr\u00e9ment m\u2019est accord\u00e9 pour l\u2019accueil simultan\u00e9 de 4 enfants \u00e0 la journ\u00e9e. J&rsquo;habite une maison neuve avec jardin et grand parking (non-fumeur\/pas d&rsquo;animaux) dans un petit lotissement tr\u00e8s calme, \u00e0 Les Mollettes (entre Pontcharra et Montm\u00e9lian). C\u2019est un m\u00e9tier qui me plait et dans lequel je me sens totalement \u00e9panouie. Celui-ci correspond vraiment \u00e0 mes aspirations.<\/p>\n\n\n\n<p>Voici mon parcours professionnel&nbsp;: Je suis titulaire d\u2019un BAC comptabilit\u00e9 et d\u2019un BTS assistant de gestion. J\u2019ai travaill\u00e9 pendant 5 ans dans le commerce. A l\u2019issue de mon cong\u00e9 parental, j\u2019ai d\u00e9cid\u00e9 de changer de profession et de me diriger dans le domaine de la petite enfance. J&rsquo;ai toujours voulu travailler aupr\u00e8s des petits et mon choix s\u2019est port\u00e9 sur le m\u00e9tier d\u2019assistante maternelle. Un m\u00e9tier qui ne m\u2019\u00e9tait pas inconnu car ma maman a exerc\u00e9 cette profession de nombreuses ann\u00e9es. Je pense que c\u2019est un peu gr\u00e2ce \u00e0 elle que j\u2019aime le contact avec les enfants.<\/p>\n\n\n\n<p>J\u2019ai alors suivi une formation obligatoire ainsi que le programme d\u2019initiation aux gestes de premiers secours. J&rsquo;ai d\u00e9cid\u00e9 par la suite de passer le CAP Petite Enfance en candidat libre, que j&rsquo;ai obtenu en juin 2012. En d\u00e9cembre 2020, j&rsquo;ai effectu\u00e9 une remise \u00e0 niveau de la formation \u00ab\u00a0Sauveteur Secouriste du Travail\u00a0\u00bb dans le cadre de la prise en charge de l&rsquo;enfant et j&rsquo;ai obtenu le certificat. Je pense que c\u2019est \u00ab un plus \u00bb pour une assistante maternelle de poss\u00e9der ces dipl\u00f4mes. C\u2019est un gage de confiance au niveau des aptitudes et je pense que cela rassure les parents.<\/p>\n\n\n\n<p>Apr\u00e8s avoir particip\u00e9 \u00e0 plusieurs ateliers au cours de ces derni\u00e8res ann\u00e9es, j&rsquo;ai d\u00e9cid\u00e9 de faire une formation en \u00ab\u00a0Langue des signes\/ Communication gestuelle\u00a0\u00bb pour me perfectionner. J&rsquo;ai pass\u00e9 l&rsquo;\u00e9valuation et obtenu la validation du certificat (Lilate niveau A1) en mai 2021. C&rsquo;est un moyen de communication avec les b\u00e9b\u00e9s qui leur permet de s&rsquo;exprimer par les gestes bien avant d&rsquo;\u00eatre capable de parler.<\/p>\n\n\n\n<p>Depuis que j\u2019exerce ce m\u00e9tier, je me suis occup\u00e9e d\u2019enfant de tout \u00e2ge, allant de 2 mois \u00e0 10 ans. J\u2019ai accueilli des enfants pendant plusieurs mois, voire plusieurs ann\u00e9es. Il m\u2019arrive aussi, quand cela est possible, de garder des fratries.<\/p>\n\n\n\n<p>J\u2019aime le contact avec les enfants depuis toujours. Le c\u00f4t\u00e9 affectif, bien s\u00fbr, mais aussi le c\u00f4t\u00e9 \u00e9ducatif avec les diverses activit\u00e9s que j\u2019ai \u00e0 leur proposer. La monotonie n\u2019existe pas du fait de la particularit\u00e9 de chacun d\u2019eux. Mon r\u00f4le est important dans l\u2019accompagnement dont ils ont besoin pour s\u2019\u00e9panouir, dans la d\u00e9couverte de leur corps et de leur environnement. J\u2019appr\u00e9cie le fait de voir ces petits bouts de choux grandir et progresser. C\u2019est un m\u00e9tier dans lequel on donne et o\u00f9 l\u2019on re\u00e7oit \u00e9norm\u00e9ment d\u2019amour.<\/p>\n\n\n\n<p>J\u2019appr\u00e9cie le fait de travailler \u00e0 mon domicile et d\u2019accueillir les enfants dans un environnement familial, \u00ab&nbsp;cocooning&nbsp;\u00bb, stimulant et s\u00e9curisant. Chez nounou, le rythme de chacun est respect\u00e9. Les journ\u00e9es sont organis\u00e9es selon les envies, l\u2019humeur des enfants, la m\u00e9t\u00e9o \u2026 Je suis attentive et me rends disponible pour que chaque enfant ne manque de rien. Ils trouvent en moi une personne douce et rassurante qui saura leur donner l\u2019affection et l\u2019\u00e9coute dont ils auront besoin pendant l\u2019absence de leurs parents.<\/p>\n\n\n\n<p>J\u2019appr\u00e9cie \u00e9galement la relation qui s&rsquo;\u00e9tablit au fil du temps avec les parents. Une relation dans laquelle je souhaite qu&rsquo;il y ait du dialogue et pas de non-dit afin que tout se passe pour le mieux. Il est tr\u00e8s important aussi que parents et assistante maternelle aient un bon feeling et soient sur la m\u00eame longueur d&rsquo;onde en ce qui concerne l\u2019\u00e9ducation et d\u00e9veloppement. C\u2019est la priorit\u00e9 afin de pouvoir travailler ensemble. J\u2019essaie de respecter au mieux les demandes et les attentes des parents, le rythme et les besoins de chaque enfant, leur fa\u00e7on d\u2019\u00eatre \u2026 Selon moi, une bonne relation professionnelle est une relation bas\u00e9e sur une confiance mutuelle, sur le respect de chacun et aussi sur le respect des termes fix\u00e9s au contrat. Des liens se cr\u00e9ent avec les familles du fait de les accompagner pendant plusieurs ann\u00e9es tout en voyant grandir leurs enfants. La priorit\u00e9 pour moi est que l&rsquo;enfant se sente bien chez nounou, qu&rsquo;il ait plaisir \u00e0 venir, que les parents soient en confiance et partent de chez moi l&rsquo;esprit tranquille.<\/p>\n\n\n\n<p>J\u2019organise des activit\u00e9s ludiques et \u00e9ducatives en proposant toutes sortes de jeux (poup\u00e9es, dinette, l\u00e9gos, voitures, puzzles, jeux de construction et motricit\u00e9 fine \u2026) et d\u2019activit\u00e9s (p\u00e2te \u00e0 modeler, peinture-dessin, d\u00e9coupage, gommettes, transvasement, promenade, lecture, chant \u2026) qui sont importants pour l\u2019\u00e9veil et le d\u00e9veloppement de l\u2019enfant. Je poss\u00e8de beaucoup de jeux et de jouets adapt\u00e9s \u00e0 tout \u00e2ge. Nous profitons du jardin quand il fait beau pour jouer dehors. C&rsquo;est agr\u00e9able de les emmener en promenade. Les enfants aiment se balader dans le village, aller au parc de jeux, marcher autour du lac de Ste H\u00e9lene, prendre le gouter ailleurs que dans la maison de nounou, rendre visite aux animaux de la ferme \u2026 Je me rends \u00e9galement au RAM de Montm\u00e9lian quand cela est possible (selon l\u2019heure d\u2019arriv\u00e9e et des siestes des plus petits) et quand je trouve les activit\u00e9s propos\u00e9es int\u00e9ressantes et adapt\u00e9es \u00e0 l\u2019\u00e2ge de mes accueillis. Je favorise aussi leur autonomie en leur donnant l\u2019opportunit\u00e9 d\u2019explorer, de faire des choix et de prendre des responsabilit\u00e9s adapt\u00e9es \u00e0 leur \u00e2ge. J\u2019encourage leur ind\u00e9pendance en leur permettant de s\u2019habiller, de manger et de participer \u00e0 des activit\u00e9s de la vie quotidienne par eux-m\u00eames tout en leur offrant un soutien bienveillant.<\/p>\n\n\n\n<p>Avec les plus petits, j&rsquo;utilise la communication gestuelle. C\u2019est une m\u00e9thode qui permet aux adultes et aux b\u00e9b\u00e9s de communiquer avant que les enfants ne puissent parler. Elle consiste \u00e0 utiliser des gestes simples (signes issus de la langue des signes fran\u00e7aise) pour repr\u00e9senter des mots, ce qui permet aux tout-petits d\u2019exprimer leurs besoins, leurs \u00e9motions et leurs d\u00e9sirs dans la vie quotidienne. Cela permet de renforcer le lien avec l\u2019enfant et de facilit\u00e9 la communication d\u00e8s le plus jeune \u00e2ge.<\/p>\n\n\n\n<p>J&rsquo;applique \u00e9galement la motricit\u00e9 libre pour les b\u00e9b\u00e9s. C\u2019est une approche qui encourage les jeunes enfants \u00e0 explorer leur environnement et \u00e0 d\u00e9velopper leur motricit\u00e9 de mani\u00e8re autonome, sans contraintes ni aides ext\u00e9rieures. Cela leur permet de d\u00e9velopper leur coordination, leur \u00e9quilibre et leur confiance en eux. C\u2019est une approche tr\u00e8s b\u00e9n\u00e9fique pour leur d\u00e9veloppement physique et psychomoteur.<\/p>\n\n\n\n<p>Afin d\u2019assurer le bien-\u00eatre et l\u2019\u00e9panouissement des enfants accueillis, je pense qu\u2019une assistante maternelle doit avoir les comp\u00e9tences suivantes :<\/p>\n\n\n\n<p>&#8211; La patiente : savoir rester calme en toute circonstance tout en gardant l&rsquo;autorit\u00e9 quand il le faut.<\/p>\n\n\n\n<p>&#8211; L&#8217;empathie : il faut que l&rsquo;enfant se sente compris et en confiance avec sa nounou qui doit se montrer douce pour le consoler et le rassurer.<\/p>\n\n\n\n<p>&#8211; Capacit\u00e9 d\u2019observation et d&rsquo;organisation : il faut savoir respecter les rythmes biologiques des enfants d&rsquo;\u00e2ges diff\u00e9rents et prendre en compte les besoins particuliers de chacun.<br><br>&#8211; Participer \u00e0 la sant\u00e9 de l\u2019enfant en mettant en \u0153uvre tous les principes d\u2019hygi\u00e8ne, de s\u00e9curit\u00e9, de surveillance et de suivi (alimentation, sommeil, maladie \u2026).<\/p>\n\n\n\n<p>&#8211; Favoriser le d\u00e9veloppement psychomoteur, intellectuel et affectif en proposant des activit\u00e9s adapt\u00e9es.<\/p>\n\n\n\n<p>&#8211; Capacit\u00e9 d\u2019observation, d\u2019\u00e9coute, d\u2019\u00e9change, d\u2019ouverture et de tol\u00e9rance avec l\u2019enfant et sa famille.<\/p>\n\n\n\n<p>J&rsquo;accueille les enfants \u00e0 mon domicile du lundi au vendredi \u00e0 partir de 7h30 le matin et jusqu&rsquo;\u00e0 18h30 le soir. Je pr\u00e9cise que je souhaite \u00eatre disponible pour ma famille c\u2019est pourquoi je prends toujours la 2\u00e8me semaine des petites vacances scolaires et le mois d\u2019Ao\u00fbt en \u00e9t\u00e9.<\/p>\n<\/blockquote>\n\n\n\n<p><\/p>\n","protected":false},"excerpt":{"rendered":"<p>Je m\u2019appelle Aur\u00e9lie, j\u2019ai 43 ans. Je suis mari\u00e9e et maman de deux grands enfants (20 et 17 ans). Je suis assistante maternelle agr\u00e9\u00e9e par &hellip; <\/p>\n","protected":false},"author":1,"featured_media":0,"parent":0,"menu_order":0,"comment_status":"closed","ping_status":"open","template":"","meta":{"footnotes":""},"class_list":["post-2","page","type-page","status-publish","hentry","latest_post"],"_links":{"self":[{"href":"https:\/\/www.lamaisondelilie.fr\/index.php\/wp-json\/wp\/v2\/pages\/2","targetHints":{"allow":["GET"]}}],"collection":[{"href":"https:\/\/www.lamaisondelilie.fr\/index.php\/wp-json\/wp\/v2\/pages"}],"about":[{"href":"https:\/\/www.lamaisondelilie.fr\/index.php\/wp-json\/wp\/v2\/types\/page"}],"author":[{"embeddable":true,"href":"https:\/\/www.lamaisondelilie.fr\/index.php\/wp-json\/wp\/v2\/users\/1"}],"replies":[{"embeddable":true,"href":"https:\/\/www.lamaisondelilie.fr\/index.php\/wp-json\/wp\/v2\/comments?post=2"}],"version-history":[{"count":6,"href":"https:\/\/www.lamaisondelilie.fr\/index.php\/wp-json\/wp\/v2\/pages\/2\/revisions"}],"predecessor-version":[{"id":148,"href":"https:\/\/www.lamaisondelilie.fr\/index.php\/wp-json\/wp\/v2\/pages\/2\/revisions\/148"}],"wp:attachment":[{"href":"https:\/\/www.lamaisondelilie.fr\/index.php\/wp-json\/wp\/v2\/media?parent=2"}],"curies":[{"name":"wp","href":"https:\/\/api.w.org\/{rel}","templated":true}]}}